{"id":1908,"date":"2022-08-11T08:40:24","date_gmt":"2022-08-11T08:40:24","guid":{"rendered":"https:\/\/themexriver.com\/wp\/broccoli\/?page_id=67"},"modified":"2024-02-25T16:54:54","modified_gmt":"2024-02-25T16:54:54","slug":"contact","status":"publish","type":"page","link":"https:\/\/medarom.ma\/en\/contact\/","title":{"rendered":"Contact"},"content":{"rendered":"<div data-elementor-type=\"wp-page\" data-elementor-id=\"1908\" class=\"elementor elementor-1908\">\n\t\t\t\t<div class=\"wd-negative-gap elementor-element elementor-element-9f4c7c6 e-flex e-con-boxed e-con e-parent\" data-id=\"9f4c7c6\" data-element_type=\"container\" data-e-type=\"container\">\n\t\t\t\t\t<div class=\"e-con-inner\">\n\t\t<div class=\"wd-negative-gap elementor-element elementor-element-ca0c39e e-flex e-con-boxed e-con e-child\" data-id=\"ca0c39e\" data-element_type=\"container\" data-e-type=\"container\">\n\t\t\t\t\t<div class=\"e-con-inner\">\n\t\t\t\t<div class=\"elementor-element elementor-element-9e93fa1 elementor-view-stacked elementor-shape-circle elementor-position-block-start elementor-mobile-position-block-start elementor-widget elementor-widget-icon-box\" data-id=\"9e93fa1\" data-element_type=\"widget\" data-e-type=\"widget\" data-widget_type=\"icon-box.default\">\n\t\t\t\t<div class=\"elementor-widget-container\">\n\t\t\t\t\t\t\t<div class=\"elementor-icon-box-wrapper\">\n\n\t\t\t\t\t\t<div class=\"elementor-icon-box-icon\">\n\t\t\t\t<span  class=\"elementor-icon\">\n\t\t\t\t<svg xmlns=\"http:\/\/www.w3.org\/2000\/svg\" xmlns:xlink=\"http:\/\/www.w3.org\/1999\/xlink\" id=\"Capa_1\" x=\"0px\" y=\"0px\" viewbox=\"0 0 512 512\" style=\"enable-background:new 0 0 512 512;\" xml:space=\"preserve\"> <g> <g> <path d=\"M498.8,377.8l-63.6-63.6c-17-17-46.6-17-63.6,0L361,324.8L488.2,452l10.6-10.6C516.4,423.8,516.4,395.3,498.8,377.8z\"><\/path> <\/g> <\/g> <g> <g> <path d=\"M339.1,345.4c-13.4,10.4-32.5,10-44.7-2.3L168.6,217.2c-12.3-12.3-12.7-31.4-2.3-44.7l-127-127 c-54.6,63.7-52.5,159.6,7.8,219.9l199.1,199.2c57.9,57.9,152.6,65.5,219.9,7.8L339.1,345.4z\"><\/path> <\/g> <\/g> <g> <g> <path d=\"M197.5,76.4l-63.6-63.6c-17-17-46.6-17-63.6,0L59.6,23.4l127.3,127.3l10.6-10.6C215.1,122.4,215.1,93.9,197.5,76.4z\"><\/path> <\/g> <\/g> <\/svg>\t\t\t\t<\/span>\n\t\t\t<\/div>\n\t\t\t\n\t\t\t\t\t\t<div class=\"elementor-icon-box-content\">\n\n\t\t\t\t\t\t\t\t\t<h3 class=\"elementor-icon-box-title\">\n\t\t\t\t\t\t<span  >\n\t\t\t\t\t\t\tNum\u00e9ros de T\u00e9l\u00e9phone\t\t\t\t\t\t<\/span>\n\t\t\t\t\t<\/h3>\n\t\t\t\t\n\t\t\t\t\t\t\t\t\t<p class=\"elementor-icon-box-description\">\n\t\t\t\t\t\tT\u00e9l\u00e9phone\u00a0: +212 663-052531\n<br>Fix : +212 539-726595\t\t\t\t\t<\/p>\n\t\t\t\t\n\t\t\t<\/div>\n\t\t\t\n\t\t<\/div>\n\t\t\t\t\t\t<\/div>\n\t\t\t\t<\/div>\n\t\t\t\t\t<\/div>\n\t\t\t\t<\/div>\n\t\t<div class=\"wd-negative-gap elementor-element elementor-element-9ea6b47 e-flex e-con-boxed e-con e-child\" data-id=\"9ea6b47\" data-element_type=\"container\" data-e-type=\"container\">\n\t\t\t\t\t<div class=\"e-con-inner\">\n\t\t\t\t<div class=\"elementor-element elementor-element-43438a0 elementor-view-stacked elementor-shape-circle elementor-position-block-start elementor-mobile-position-block-start elementor-widget elementor-widget-icon-box\" data-id=\"43438a0\" data-element_type=\"widget\" data-e-type=\"widget\" data-widget_type=\"icon-box.default\">\n\t\t\t\t<div class=\"elementor-widget-container\">\n\t\t\t\t\t\t\t<div class=\"elementor-icon-box-wrapper\">\n\n\t\t\t\t\t\t<div class=\"elementor-icon-box-icon\">\n\t\t\t\t<span  class=\"elementor-icon\">\n\t\t\t\t<svg xmlns=\"http:\/\/www.w3.org\/2000\/svg\" xmlns:xlink=\"http:\/\/www.w3.org\/1999\/xlink\" id=\"Capa_1\" x=\"0px\" y=\"0px\" viewbox=\"0 0 512 512\" style=\"enable-background:new 0 0 512 512;\" xml:space=\"preserve\"> <g> <g> <path d=\"M31,203.2V467c0,6.9,1.7,13.4,4.5,19.3L174.8,347C121.4,293.6,86.5,258.7,31,203.2z\"><\/path> <\/g> <\/g> <g> <g> <path d=\"M337.2,347l139.3,139.3c2.8-5.9,4.5-12.4,4.5-19.3V203.2C427.7,256.5,391.2,293,337.2,347z\"><\/path> <\/g> <\/g> <g> <g> <path d=\"M256,152c-8.3,0-15,6.7-15,15s6.7,15,15,15c10.4,0,13.1-7.1,14.8-16C270.2,158.2,263.9,152,256,152z\"><\/path> <\/g> <\/g> <g> <g> <path d=\"M309.8,362H202.2L56.7,507.5c5.9,2.8,12.4,4.5,19.3,4.5h360c6.9,0,13.4-1.7,19.3-4.5L309.8,362z\"><\/path> <\/g> <\/g> <g> <g> <polygon points=\"46,175.8 91,220.8 91,130.8 \"><\/polygon> <\/g> <\/g> <g> <g> <polygon points=\"421,130.8 421,220.8 466,175.8 \"><\/polygon> <\/g> <\/g> <g> <g> <path d=\"M371.8,0H137.4C128.3,0,121,7.3,121,16.4v234.4l81.2,81.2h107.6l81.2-81.2V19.2C391,8.6,382.4,0,371.8,0z M286,200.3 c-8,7.2-18.4,11.7-30,11.7c-24.8,0-45-20.2-45-45s20.2-45,45-45s45,20.2,45,45c0,19.8,30,19.8,30,0c0-41.4-33.6-75-75-75 s-75,33.6-75,75c0,25.7,12.9,49.3,34.7,63.2c22.3,14.2,49.8,15.6,75.7,3.7c17.9-8.3,30.6,19,12.5,27.2 c-34.4,15.8-72.6,14.7-104.4-5.7C169.1,236,151,202.9,151,167c0-57.9,47.1-105,105-105s105,47.1,105,105 C361,205.6,315.2,226.6,286,200.3z\"><\/path> <\/g> <\/g> <\/svg>\t\t\t\t<\/span>\n\t\t\t<\/div>\n\t\t\t\n\t\t\t\t\t\t<div class=\"elementor-icon-box-content\">\n\n\t\t\t\t\t\t\t\t\t<h3 class=\"elementor-icon-box-title\">\n\t\t\t\t\t\t<span  >\n\t\t\t\t\t\t\tAdresse e-mail\t\t\t\t\t\t<\/span>\n\t\t\t\t\t<\/h3>\n\t\t\t\t\n\t\t\t\t\t\t\t\t\t<p class=\"elementor-icon-box-description\">\n\t\t\t\t\t\tmedaroom@gmail.com\t\t\t\t\t<\/p>\n\t\t\t\t\n\t\t\t<\/div>\n\t\t\t\n\t\t<\/div>\n\t\t\t\t\t\t<\/div>\n\t\t\t\t<\/div>\n\t\t\t\t\t<\/div>\n\t\t\t\t<\/div>\n\t\t<div class=\"wd-negative-gap elementor-element elementor-element-3e5dd0d e-flex e-con-boxed e-con e-child\" data-id=\"3e5dd0d\" data-element_type=\"container\" data-e-type=\"container\">\n\t\t\t\t\t<div class=\"e-con-inner\">\n\t\t\t\t<div class=\"elementor-element elementor-element-658419e elementor-view-stacked elementor-shape-circle elementor-position-block-start elementor-mobile-position-block-start elementor-widget elementor-widget-icon-box\" data-id=\"658419e\" data-element_type=\"widget\" data-e-type=\"widget\" data-widget_type=\"icon-box.default\">\n\t\t\t\t<div class=\"elementor-widget-container\">\n\t\t\t\t\t\t\t<div class=\"elementor-icon-box-wrapper\">\n\n\t\t\t\t\t\t<div class=\"elementor-icon-box-icon\">\n\t\t\t\t<span  class=\"elementor-icon\">\n\t\t\t\t<svg xmlns=\"http:\/\/www.w3.org\/2000\/svg\" xmlns:xlink=\"http:\/\/www.w3.org\/1999\/xlink\" id=\"Capa_1\" x=\"0px\" y=\"0px\" viewbox=\"0 0 512 512\" style=\"enable-background:new 0 0 512 512;\" xml:space=\"preserve\"> <g> <g> <path d=\"M256,120c-33.1,0-60,26.9-60,60c0,33.2,26.9,60,60,60c33.7,0,60-27.3,60-60C316,146.9,289.1,120,256,120z\"><\/path> <\/g> <\/g> <g> <g> <path d=\"M256,0C156.7,0,76,80.7,76,180c0,33.5,9.3,66.3,26.9,94.6l142.9,230.3c5.9,9.6,19.9,9.4,25.6-0.2l139.2-232.5 c16.6-27.8,25.4-59.7,25.4-92.2C436,80.7,355.3,0,256,0z M256,270.2c-50.3,0-90.2-41-90.2-90.2c0-49.6,40.6-90.2,90.2-90.2 s90.2,40.6,90.2,90.2C346.2,228.8,306.9,270.2,256,270.2z\"><\/path> <\/g> <\/g> <\/svg>\t\t\t\t<\/span>\n\t\t\t<\/div>\n\t\t\t\n\t\t\t\t\t\t<div class=\"elementor-icon-box-content\">\n\n\t\t\t\t\t\t\t\t\t<h3 class=\"elementor-icon-box-title\">\n\t\t\t\t\t\t<span  >\n\t\t\t\t\t\t\tAdresse\t\t\t\t\t\t<\/span>\n\t\t\t\t\t<\/h3>\n\t\t\t\t\n\t\t\t\t\n\t\t\t<\/div>\n\t\t\t\n\t\t<\/div>\n\t\t\t\t\t\t<\/div>\n\t\t\t\t<\/div>\n\t\t\t\t\t<\/div>\n\t\t\t\t<\/div>\n\t\t\t\t\t<\/div>\n\t\t\t\t<\/div>\n\t\t<div class=\"wd-negative-gap elementor-element elementor-element-0d6c1cf e-flex e-con-boxed e-con e-parent\" data-id=\"0d6c1cf\" data-element_type=\"container\" data-e-type=\"container\">\n\t\t\t\t\t<div class=\"e-con-inner\">\n\t\t<div class=\"wd-negative-gap elementor-element elementor-element-1568c1c e-flex e-con-boxed e-con e-child\" data-id=\"1568c1c\" data-element_type=\"container\" data-e-type=\"container\">\n\t\t\t\t\t<div class=\"e-con-inner\">\n\t\t\t\t<div class=\"elementor-element elementor-element-7d80e32 wd-width-100 elementor-widget elementor-widget-wd_title\" data-id=\"7d80e32\" data-element_type=\"widget\" data-e-type=\"widget\" data-widget_type=\"wd_title.default\">\n\t\t\t\t<div class=\"elementor-widget-container\">\n\t\t\t\t\t\t\t<div class=\"title-wrapper wd-set-mb reset-last-child wd-title-color-primary wd-title-style-simple wd-title-size-large text-center\">\n\n\t\t\t\n\t\t\t<div class=\"liner-continer\">\n\t\t\t\t<h4 class=\"woodmart-title-container title wd-fontsize-xxl\"> Laissez-nous un e-mail<\/h4> \n\t\t\t\t\t\t\t<\/div>\n\n\t\t\t\t\t\t\t<div class=\"title-after_title reset-last-child wd-fontsize-s\">\n\t\t\t\t\tReady to start your olfactory journey with Medarom? Leave us an email and we will contact you as soon as possible to discuss your cosmetic raw material needs. We look forward to creating something exceptional together.\t\t\t\t<\/div>\n\t\t\t\t\t<\/div>\n\t\t\t\t\t\t<\/div>\n\t\t\t\t<\/div>\n\t\t\t\t<div class=\"elementor-element elementor-element-beefdba wd-cf7 elementor-widget elementor-widget-wd_contact_form_7\" data-id=\"beefdba\" data-element_type=\"widget\" data-e-type=\"widget\" data-widget_type=\"wd_contact_form_7.default\">\n\t\t\t\t<div class=\"elementor-widget-container\">\n\t\t\t\t\t\n<div class=\"wpcf7 no-js\" id=\"wpcf7-f9-o1\" lang=\"en-US\" dir=\"ltr\" data-wpcf7-id=\"9\">\n<div class=\"screen-reader-response\"><p role=\"status\" aria-live=\"polite\" aria-atomic=\"true\"><\/p> <ul><\/ul><\/div>\n<form action=\"\/en\/wp-json\/wp\/v2\/pages\/1908#wpcf7-f9-o1\" method=\"post\" class=\"wpcf7-form init\" aria-label=\"Contact form\" novalidate=\"novalidate\" data-status=\"init\" data-trp-original-action=\"\/en\/wp-json\/wp\/v2\/pages\/1908#wpcf7-f9-o1\">\n<fieldset class=\"hidden-fields-container\"><input type=\"hidden\" name=\"_wpcf7\" value=\"9\" \/><input type=\"hidden\" name=\"_wpcf7_version\" value=\"6.1.5\" \/><input type=\"hidden\" name=\"_wpcf7_locale\" value=\"en_US\" \/><input type=\"hidden\" name=\"_wpcf7_unit_tag\" value=\"wpcf7-f9-o1\" \/><input type=\"hidden\" name=\"_wpcf7_container_post\" value=\"0\" \/><input type=\"hidden\" name=\"_wpcf7_posted_data_hash\" value=\"\" \/>\n<\/fieldset>\n<p><label> Your name<br \/>\n<span class=\"wpcf7-form-control-wrap\" data-name=\"your-name\"><input size=\"40\" maxlength=\"400\" class=\"wpcf7-form-control wpcf7-text wpcf7-validates-as-required\" aria-required=\"true\" aria-invalid=\"false\" value=\"\" type=\"text\" name=\"your-name\" \/><\/span> <\/label>\n<\/p>\n<p><label> Your email<br \/>\n<span class=\"wpcf7-form-control-wrap\" data-name=\"your-email\"><input size=\"40\" maxlength=\"400\" class=\"wpcf7-form-control wpcf7-email wpcf7-validates-as-required wpcf7-text wpcf7-validates-as-email\" aria-required=\"true\" aria-invalid=\"false\" value=\"\" type=\"email\" name=\"your-email\" \/><\/span> <\/label>\n<\/p>\n<p><label> Subject<br \/>\n<span class=\"wpcf7-form-control-wrap\" data-name=\"your-subject\"><input size=\"40\" maxlength=\"400\" class=\"wpcf7-form-control wpcf7-text wpcf7-validates-as-required\" aria-required=\"true\" aria-invalid=\"false\" value=\"\" type=\"text\" name=\"your-subject\" \/><\/span> <\/label>\n<\/p>\n<p><label> Your message (optional)<br \/>\n<span class=\"wpcf7-form-control-wrap\" data-name=\"your-message\"><textarea cols=\"40\" rows=\"10\" maxlength=\"2000\" class=\"wpcf7-form-control wpcf7-textarea\" aria-invalid=\"false\" name=\"your-message\"><\/textarea><\/span> <\/label>\n<\/p>\n<p><input class=\"wpcf7-form-control wpcf7-submit has-spinner\" type=\"submit\" value=\"Submit\" \/>\n<\/p><div class=\"wpcf7-response-output\" aria-hidden=\"true\"><\/div>\n<input type=\"hidden\" name=\"trp-form-language\" value=\"en\"\/><\/form>\n<\/div>\n\t\t\t\t<\/div>\n\t\t\t\t<\/div>\n\t\t\t\t\t<\/div>\n\t\t\t\t<\/div>\n\t\t\t\t\t<\/div>\n\t\t\t\t<\/div>\n\t\t\t\t<\/div>","protected":false},"excerpt":{"rendered":"<p>Num\u00e9ros de T\u00e9l\u00e9phone T\u00e9l\u00e9phone\u00a0: +212 663-052531 Fix : +212 539-726595 Adresse e-mail medaroom@gmail.com Adresse Laissez-nous un e-mail Ready to start<\/p>","protected":false},"author":1,"featured_media":2194,"parent":0,"menu_order":4,"comment_status":"closed","ping_status":"closed","template":"","meta":{"footnotes":""},"class_list":["post-1908","page","type-page","status-publish","has-post-thumbnail","hentry"],"yoast_head":"<!-- This site is optimized with the Yoast SEO plugin v26.3 - https:\/\/yoast.com\/wordpress\/plugins\/seo\/ -->\n<title>Contact - Medarom<\/title>\n<meta name=\"robots\" content=\"index, follow, max-snippet:-1, max-image-preview:large, max-video-preview:-1\" \/>\n<link rel=\"canonical\" href=\"https:\/\/gxe.mhe.mybluehost.me\/website_70c8b333\/contact\/\" \/>\n<meta property=\"og:locale\" content=\"en_US\" \/>\n<meta property=\"og:type\" content=\"article\" \/>\n<meta property=\"og:title\" content=\"Contact - Medarom\" \/>\n<meta property=\"og:description\" content=\"Num\u00e9ros de T\u00e9l\u00e9phone T\u00e9l\u00e9phone\u00a0: +212 663-052531 Fix : +212 539-726595 Adresse e-mail medaroom@gmail.com Adresse Laissez-nous un e-mail Ready to start\" \/>\n<meta property=\"og:url\" content=\"https:\/\/gxe.mhe.mybluehost.me\/website_70c8b333\/contact\/\" \/>\n<meta property=\"og:site_name\" content=\"Medarom\" \/>\n<meta property=\"article:publisher\" content=\"https:\/\/www.facebook.com\/medarom.medarom\" \/>\n<meta property=\"article:modified_time\" content=\"2024-02-25T16:54:54+00:00\" \/>\n<meta property=\"og:image\" content=\"https:\/\/gxe.mhe.mybluehost.me\/website_70c8b333\/wp-content\/uploads\/2024\/01\/beautician-preparing-natural-cosmetics-closeup-copy-2.webp\" \/>\n\t<meta property=\"og:image:width\" content=\"1500\" \/>\n\t<meta property=\"og:image:height\" content=\"1000\" \/>\n\t<meta property=\"og:image:type\" content=\"image\/webp\" \/>\n<meta name=\"twitter:card\" content=\"summary_large_image\" \/>\n<script type=\"application\/ld+json\" class=\"yoast-schema-graph\">{\"@context\":\"https:\/\/schema.org\",\"@graph\":[{\"@type\":\"WebPage\",\"@id\":\"https:\/\/gxe.mhe.mybluehost.me\/website_70c8b333\/contact\/\",\"url\":\"https:\/\/gxe.mhe.mybluehost.me\/website_70c8b333\/contact\/\",\"name\":\"Contact - Medarom\",\"isPartOf\":{\"@id\":\"https:\/\/gxe.mhe.mybluehost.me\/website_70c8b333\/#website\"},\"primaryImageOfPage\":{\"@id\":\"https:\/\/gxe.mhe.mybluehost.me\/website_70c8b333\/contact\/#primaryimage\"},\"image\":{\"@id\":\"https:\/\/gxe.mhe.mybluehost.me\/website_70c8b333\/contact\/#primaryimage\"},\"thumbnailUrl\":\"https:\/\/medarom.ma\/wp-content\/uploads\/2024\/01\/beautician-preparing-natural-cosmetics-closeup-copy-2.webp\",\"datePublished\":\"2022-08-11T08:40:24+00:00\",\"dateModified\":\"2024-02-25T16:54:54+00:00\",\"breadcrumb\":{\"@id\":\"https:\/\/gxe.mhe.mybluehost.me\/website_70c8b333\/contact\/#breadcrumb\"},\"inLanguage\":\"en-US\",\"potentialAction\":[{\"@type\":\"ReadAction\",\"target\":[\"https:\/\/gxe.mhe.mybluehost.me\/website_70c8b333\/contact\/\"]}]},{\"@type\":\"ImageObject\",\"inLanguage\":\"en-US\",\"@id\":\"https:\/\/gxe.mhe.mybluehost.me\/website_70c8b333\/contact\/#primaryimage\",\"url\":\"https:\/\/medarom.ma\/wp-content\/uploads\/2024\/01\/beautician-preparing-natural-cosmetics-closeup-copy-2.webp\",\"contentUrl\":\"https:\/\/medarom.ma\/wp-content\/uploads\/2024\/01\/beautician-preparing-natural-cosmetics-closeup-copy-2.webp\",\"width\":1500,\"height\":1000},{\"@type\":\"BreadcrumbList\",\"@id\":\"https:\/\/gxe.mhe.mybluehost.me\/website_70c8b333\/contact\/#breadcrumb\",\"itemListElement\":[{\"@type\":\"ListItem\",\"position\":1,\"name\":\"Accueil\",\"item\":\"https:\/\/gxe.mhe.mybluehost.me\/website_70c8b333\/\"},{\"@type\":\"ListItem\",\"position\":2,\"name\":\"Contact\"}]},{\"@type\":\"WebSite\",\"@id\":\"https:\/\/gxe.mhe.mybluehost.me\/website_70c8b333\/#website\",\"url\":\"https:\/\/gxe.mhe.mybluehost.me\/website_70c8b333\/\",\"name\":\"Medarom\",\"description\":\"Huiles Essentielles Et Plantes Aromatiques\",\"publisher\":{\"@id\":\"https:\/\/gxe.mhe.mybluehost.me\/website_70c8b333\/#organization\"},\"potentialAction\":[{\"@type\":\"SearchAction\",\"target\":{\"@type\":\"EntryPoint\",\"urlTemplate\":\"https:\/\/gxe.mhe.mybluehost.me\/website_70c8b333\/?s={search_term_string}\"},\"query-input\":{\"@type\":\"PropertyValueSpecification\",\"valueRequired\":true,\"valueName\":\"search_term_string\"}}],\"inLanguage\":\"en-US\"},{\"@type\":\"Organization\",\"@id\":\"https:\/\/gxe.mhe.mybluehost.me\/website_70c8b333\/#organization\",\"name\":\"Medarom\",\"url\":\"https:\/\/gxe.mhe.mybluehost.me\/website_70c8b333\/\",\"logo\":{\"@type\":\"ImageObject\",\"inLanguage\":\"en-US\",\"@id\":\"https:\/\/gxe.mhe.mybluehost.me\/website_70c8b333\/#\/schema\/logo\/image\/\",\"url\":\"https:\/\/medarom.ma\/wp-content\/uploads\/2024\/01\/cropped-Medarom-logo.png\",\"contentUrl\":\"https:\/\/medarom.ma\/wp-content\/uploads\/2024\/01\/cropped-Medarom-logo.png\",\"width\":743,\"height\":250,\"caption\":\"Medarom\"},\"image\":{\"@id\":\"https:\/\/gxe.mhe.mybluehost.me\/website_70c8b333\/#\/schema\/logo\/image\/\"},\"sameAs\":[\"https:\/\/www.facebook.com\/medarom.medarom\"]}]}<\/script>\n<!-- \/ Yoast SEO plugin. -->","yoast_head_json":{"title":"Contact - Medarom","robots":{"index":"index","follow":"follow","max-snippet":"max-snippet:-1","max-image-preview":"max-image-preview:large","max-video-preview":"max-video-preview:-1"},"canonical":"https:\/\/gxe.mhe.mybluehost.me\/website_70c8b333\/contact\/","og_locale":"en_US","og_type":"article","og_title":"Contact - Medarom","og_description":"Num\u00e9ros de T\u00e9l\u00e9phone T\u00e9l\u00e9phone\u00a0: +212 663-052531 Fix : +212 539-726595 Adresse e-mail medaroom@gmail.com Adresse Laissez-nous un e-mail Ready to start","og_url":"https:\/\/gxe.mhe.mybluehost.me\/website_70c8b333\/contact\/","og_site_name":"Medarom","article_publisher":"https:\/\/www.facebook.com\/medarom.medarom","article_modified_time":"2024-02-25T16:54:54+00:00","og_image":[{"width":1500,"height":1000,"url":"https:\/\/gxe.mhe.mybluehost.me\/website_70c8b333\/wp-content\/uploads\/2024\/01\/beautician-preparing-natural-cosmetics-closeup-copy-2.webp","type":"image\/webp"}],"twitter_card":"summary_large_image","schema":{"@context":"https:\/\/schema.org","@graph":[{"@type":"WebPage","@id":"https:\/\/gxe.mhe.mybluehost.me\/website_70c8b333\/contact\/","url":"https:\/\/gxe.mhe.mybluehost.me\/website_70c8b333\/contact\/","name":"Contact - Medarom","isPartOf":{"@id":"https:\/\/gxe.mhe.mybluehost.me\/website_70c8b333\/#website"},"primaryImageOfPage":{"@id":"https:\/\/gxe.mhe.mybluehost.me\/website_70c8b333\/contact\/#primaryimage"},"image":{"@id":"https:\/\/gxe.mhe.mybluehost.me\/website_70c8b333\/contact\/#primaryimage"},"thumbnailUrl":"https:\/\/medarom.ma\/wp-content\/uploads\/2024\/01\/beautician-preparing-natural-cosmetics-closeup-copy-2.webp","datePublished":"2022-08-11T08:40:24+00:00","dateModified":"2024-02-25T16:54:54+00:00","breadcrumb":{"@id":"https:\/\/gxe.mhe.mybluehost.me\/website_70c8b333\/contact\/#breadcrumb"},"inLanguage":"en-US","potentialAction":[{"@type":"ReadAction","target":["https:\/\/gxe.mhe.mybluehost.me\/website_70c8b333\/contact\/"]}]},{"@type":"ImageObject","inLanguage":"en-US","@id":"https:\/\/gxe.mhe.mybluehost.me\/website_70c8b333\/contact\/#primaryimage","url":"https:\/\/medarom.ma\/wp-content\/uploads\/2024\/01\/beautician-preparing-natural-cosmetics-closeup-copy-2.webp","contentUrl":"https:\/\/medarom.ma\/wp-content\/uploads\/2024\/01\/beautician-preparing-natural-cosmetics-closeup-copy-2.webp","width":1500,"height":1000},{"@type":"BreadcrumbList","@id":"https:\/\/gxe.mhe.mybluehost.me\/website_70c8b333\/contact\/#breadcrumb","itemListElement":[{"@type":"ListItem","position":1,"name":"Accueil","item":"https:\/\/gxe.mhe.mybluehost.me\/website_70c8b333\/"},{"@type":"ListItem","position":2,"name":"Contact"}]},{"@type":"WebSite","@id":"https:\/\/gxe.mhe.mybluehost.me\/website_70c8b333\/#website","url":"https:\/\/gxe.mhe.mybluehost.me\/website_70c8b333\/","name":"Medarom","description":"Huiles Essentielles Et Plantes Aromatiques","publisher":{"@id":"https:\/\/gxe.mhe.mybluehost.me\/website_70c8b333\/#organization"},"potentialAction":[{"@type":"SearchAction","target":{"@type":"EntryPoint","urlTemplate":"https:\/\/gxe.mhe.mybluehost.me\/website_70c8b333\/?s={search_term_string}"},"query-input":{"@type":"PropertyValueSpecification","valueRequired":true,"valueName":"search_term_string"}}],"inLanguage":"en-US"},{"@type":"Organization","@id":"https:\/\/gxe.mhe.mybluehost.me\/website_70c8b333\/#organization","name":"Medarom","url":"https:\/\/gxe.mhe.mybluehost.me\/website_70c8b333\/","logo":{"@type":"ImageObject","inLanguage":"en-US","@id":"https:\/\/gxe.mhe.mybluehost.me\/website_70c8b333\/#\/schema\/logo\/image\/","url":"https:\/\/medarom.ma\/wp-content\/uploads\/2024\/01\/cropped-Medarom-logo.png","contentUrl":"https:\/\/medarom.ma\/wp-content\/uploads\/2024\/01\/cropped-Medarom-logo.png","width":743,"height":250,"caption":"Medarom"},"image":{"@id":"https:\/\/gxe.mhe.mybluehost.me\/website_70c8b333\/#\/schema\/logo\/image\/"},"sameAs":["https:\/\/www.facebook.com\/medarom.medarom"]}]}},"_links":{"self":[{"href":"https:\/\/medarom.ma\/en\/wp-json\/wp\/v2\/pages\/1908","targetHints":{"allow":["GET"]}}],"collection":[{"href":"https:\/\/medarom.ma\/en\/wp-json\/wp\/v2\/pages"}],"about":[{"href":"https:\/\/medarom.ma\/en\/wp-json\/wp\/v2\/types\/page"}],"author":[{"embeddable":true,"href":"https:\/\/medarom.ma\/en\/wp-json\/wp\/v2\/users\/1"}],"replies":[{"embeddable":true,"href":"https:\/\/medarom.ma\/en\/wp-json\/wp\/v2\/comments?post=1908"}],"version-history":[{"count":23,"href":"https:\/\/medarom.ma\/en\/wp-json\/wp\/v2\/pages\/1908\/revisions"}],"predecessor-version":[{"id":3219,"href":"https:\/\/medarom.ma\/en\/wp-json\/wp\/v2\/pages\/1908\/revisions\/3219"}],"wp:featuredmedia":[{"embeddable":true,"href":"https:\/\/medarom.ma\/en\/wp-json\/wp\/v2\/media\/2194"}],"wp:attachment":[{"href":"https:\/\/medarom.ma\/en\/wp-json\/wp\/v2\/media?parent=1908"}],"curies":[{"name":"wp","href":"https:\/\/api.w.org\/{rel}","templated":true}]}}