{"id":1512,"date":"2024-01-17T16:07:23","date_gmt":"2024-01-17T16:07:23","guid":{"rendered":"https:\/\/gxe.mhe.mybluehost.me\/website_70c8b333\/?post_type=product&#038;p=1512"},"modified":"2024-01-31T10:31:40","modified_gmt":"2024-01-31T10:31:40","slug":"huile-de-ricin-raffinee","status":"publish","type":"product","link":"https:\/\/medarom.ma\/en\/product\/huile-de-ricin-raffinee\/","title":{"rendered":"REFINED CASTOR OIL"},"content":{"rendered":"","protected":false},"excerpt":{"rendered":"<p><strong>100% PURE AND NATURAL<\/strong><\/p>\n<p><strong>Obtaining process: <\/strong><\/p>\n<p>Cold pressing followed by filtration to remove ricin.<\/p>\n<p><strong>Part of the plant used: <\/strong><\/p>\n<p>Seeds.<\/p>\n<p><strong>Use :<\/strong><\/p>\n<p>Cosmetic.<\/p>","protected":false},"featured_media":2856,"template":"","meta":[],"product_brand":[],"product_cat":[78],"product_tag":[],"class_list":{"0":"post-1512","1":"product","2":"type-product","3":"status-publish","4":"has-post-thumbnail","6":"product_cat-huiles-vegetales","8":"first","9":"instock","10":"shipping-taxable","11":"product-type-simple"},"yoast_head":"<!-- This site is optimized with the Yoast SEO plugin v26.3 - https:\/\/yoast.com\/wordpress\/plugins\/seo\/ -->\n<title>HUILE DE RICIN RAFFIN\u00c9E - Medarom<\/title>\n<meta name=\"robots\" content=\"index, follow, max-snippet:-1, max-image-preview:large, max-video-preview:-1\" \/>\n<link rel=\"canonical\" href=\"https:\/\/gxe.mhe.mybluehost.me\/website_70c8b333\/product\/huile-de-ricin-raffinee\/\" \/>\n<meta property=\"og:locale\" content=\"en_US\" \/>\n<meta property=\"og:type\" content=\"article\" \/>\n<meta property=\"og:title\" content=\"HUILE DE RICIN RAFFIN\u00c9E - Medarom\" \/>\n<meta property=\"og:description\" content=\"100% PUR ET NATUREL  Proc\u00e9d\u00e9 d&#039;obtention :   Pression \u00e0 froid suivie d&#039;une filtration pour enlever la ricine.  Partie de la plante utilis\u00e9e :   Graines.  Usage :  Cosm\u00e9tique.\" \/>\n<meta property=\"og:url\" content=\"https:\/\/gxe.mhe.mybluehost.me\/website_70c8b333\/product\/huile-de-ricin-raffinee\/\" \/>\n<meta property=\"og:site_name\" content=\"Medarom\" \/>\n<meta property=\"article:publisher\" content=\"https:\/\/www.facebook.com\/medarom.medarom\" \/>\n<meta property=\"article:modified_time\" content=\"2024-01-31T10:31:40+00:00\" \/>\n<meta property=\"og:image\" content=\"https:\/\/gxe.mhe.mybluehost.me\/website_70c8b333\/wp-content\/uploads\/2024\/01\/ricin1.webp\" \/>\n\t<meta property=\"og:image:width\" content=\"1500\" \/>\n\t<meta property=\"og:image:height\" content=\"1500\" \/>\n\t<meta property=\"og:image:type\" content=\"image\/webp\" \/>\n<meta name=\"twitter:card\" content=\"summary_large_image\" \/>\n<script type=\"application\/ld+json\" class=\"yoast-schema-graph\">{\"@context\":\"https:\/\/schema.org\",\"@graph\":[{\"@type\":\"WebPage\",\"@id\":\"https:\/\/gxe.mhe.mybluehost.me\/website_70c8b333\/product\/huile-de-ricin-raffinee\/\",\"url\":\"https:\/\/gxe.mhe.mybluehost.me\/website_70c8b333\/product\/huile-de-ricin-raffinee\/\",\"name\":\"HUILE DE RICIN RAFFIN\u00c9E - Medarom\",\"isPartOf\":{\"@id\":\"https:\/\/gxe.mhe.mybluehost.me\/website_70c8b333\/#website\"},\"primaryImageOfPage\":{\"@id\":\"https:\/\/gxe.mhe.mybluehost.me\/website_70c8b333\/product\/huile-de-ricin-raffinee\/#primaryimage\"},\"image\":{\"@id\":\"https:\/\/gxe.mhe.mybluehost.me\/website_70c8b333\/product\/huile-de-ricin-raffinee\/#primaryimage\"},\"thumbnailUrl\":\"https:\/\/medarom.ma\/wp-content\/uploads\/2024\/01\/ricin1.webp\",\"datePublished\":\"2024-01-17T16:07:23+00:00\",\"dateModified\":\"2024-01-31T10:31:40+00:00\",\"breadcrumb\":{\"@id\":\"https:\/\/gxe.mhe.mybluehost.me\/website_70c8b333\/product\/huile-de-ricin-raffinee\/#breadcrumb\"},\"inLanguage\":\"en-US\",\"potentialAction\":[{\"@type\":\"ReadAction\",\"target\":[\"https:\/\/gxe.mhe.mybluehost.me\/website_70c8b333\/product\/huile-de-ricin-raffinee\/\"]}]},{\"@type\":\"ImageObject\",\"inLanguage\":\"en-US\",\"@id\":\"https:\/\/gxe.mhe.mybluehost.me\/website_70c8b333\/product\/huile-de-ricin-raffinee\/#primaryimage\",\"url\":\"https:\/\/medarom.ma\/wp-content\/uploads\/2024\/01\/ricin1.webp\",\"contentUrl\":\"https:\/\/medarom.ma\/wp-content\/uploads\/2024\/01\/ricin1.webp\",\"width\":1500,\"height\":1500},{\"@type\":\"BreadcrumbList\",\"@id\":\"https:\/\/gxe.mhe.mybluehost.me\/website_70c8b333\/product\/huile-de-ricin-raffinee\/#breadcrumb\",\"itemListElement\":[{\"@type\":\"ListItem\",\"position\":1,\"name\":\"Accueil\",\"item\":\"https:\/\/gxe.mhe.mybluehost.me\/website_70c8b333\/\"},{\"@type\":\"ListItem\",\"position\":2,\"name\":\"Produits\",\"item\":\"https:\/\/gxe.mhe.mybluehost.me\/website_70c8b333\/produits\/\"},{\"@type\":\"ListItem\",\"position\":3,\"name\":\"HUILE DE RICIN RAFFIN\u00c9E\"}]},{\"@type\":\"WebSite\",\"@id\":\"https:\/\/gxe.mhe.mybluehost.me\/website_70c8b333\/#website\",\"url\":\"https:\/\/gxe.mhe.mybluehost.me\/website_70c8b333\/\",\"name\":\"Medarom\",\"description\":\"Huiles Essentielles Et Plantes Aromatiques\",\"publisher\":{\"@id\":\"https:\/\/gxe.mhe.mybluehost.me\/website_70c8b333\/#organization\"},\"potentialAction\":[{\"@type\":\"SearchAction\",\"target\":{\"@type\":\"EntryPoint\",\"urlTemplate\":\"https:\/\/gxe.mhe.mybluehost.me\/website_70c8b333\/?s={search_term_string}\"},\"query-input\":{\"@type\":\"PropertyValueSpecification\",\"valueRequired\":true,\"valueName\":\"search_term_string\"}}],\"inLanguage\":\"en-US\"},{\"@type\":\"Organization\",\"@id\":\"https:\/\/gxe.mhe.mybluehost.me\/website_70c8b333\/#organization\",\"name\":\"Medarom\",\"url\":\"https:\/\/gxe.mhe.mybluehost.me\/website_70c8b333\/\",\"logo\":{\"@type\":\"ImageObject\",\"inLanguage\":\"en-US\",\"@id\":\"https:\/\/gxe.mhe.mybluehost.me\/website_70c8b333\/#\/schema\/logo\/image\/\",\"url\":\"https:\/\/medarom.ma\/wp-content\/uploads\/2024\/01\/cropped-Medarom-logo.png\",\"contentUrl\":\"https:\/\/medarom.ma\/wp-content\/uploads\/2024\/01\/cropped-Medarom-logo.png\",\"width\":743,\"height\":250,\"caption\":\"Medarom\"},\"image\":{\"@id\":\"https:\/\/gxe.mhe.mybluehost.me\/website_70c8b333\/#\/schema\/logo\/image\/\"},\"sameAs\":[\"https:\/\/www.facebook.com\/medarom.medarom\"]}]}<\/script>\n<!-- \/ Yoast SEO plugin. -->","yoast_head_json":{"title":"HUILE DE RICIN RAFFIN\u00c9E - Medarom","robots":{"index":"index","follow":"follow","max-snippet":"max-snippet:-1","max-image-preview":"max-image-preview:large","max-video-preview":"max-video-preview:-1"},"canonical":"https:\/\/gxe.mhe.mybluehost.me\/website_70c8b333\/product\/huile-de-ricin-raffinee\/","og_locale":"en_US","og_type":"article","og_title":"HUILE DE RICIN RAFFIN\u00c9E - Medarom","og_description":"100% PUR ET NATUREL  Proc\u00e9d\u00e9 d'obtention :   Pression \u00e0 froid suivie d'une filtration pour enlever la ricine.  Partie de la plante utilis\u00e9e :   Graines.  Usage :  Cosm\u00e9tique.","og_url":"https:\/\/gxe.mhe.mybluehost.me\/website_70c8b333\/product\/huile-de-ricin-raffinee\/","og_site_name":"Medarom","article_publisher":"https:\/\/www.facebook.com\/medarom.medarom","article_modified_time":"2024-01-31T10:31:40+00:00","og_image":[{"width":1500,"height":1500,"url":"https:\/\/gxe.mhe.mybluehost.me\/website_70c8b333\/wp-content\/uploads\/2024\/01\/ricin1.webp","type":"image\/webp"}],"twitter_card":"summary_large_image","schema":{"@context":"https:\/\/schema.org","@graph":[{"@type":"WebPage","@id":"https:\/\/gxe.mhe.mybluehost.me\/website_70c8b333\/product\/huile-de-ricin-raffinee\/","url":"https:\/\/gxe.mhe.mybluehost.me\/website_70c8b333\/product\/huile-de-ricin-raffinee\/","name":"HUILE DE RICIN RAFFIN\u00c9E - Medarom","isPartOf":{"@id":"https:\/\/gxe.mhe.mybluehost.me\/website_70c8b333\/#website"},"primaryImageOfPage":{"@id":"https:\/\/gxe.mhe.mybluehost.me\/website_70c8b333\/product\/huile-de-ricin-raffinee\/#primaryimage"},"image":{"@id":"https:\/\/gxe.mhe.mybluehost.me\/website_70c8b333\/product\/huile-de-ricin-raffinee\/#primaryimage"},"thumbnailUrl":"https:\/\/medarom.ma\/wp-content\/uploads\/2024\/01\/ricin1.webp","datePublished":"2024-01-17T16:07:23+00:00","dateModified":"2024-01-31T10:31:40+00:00","breadcrumb":{"@id":"https:\/\/gxe.mhe.mybluehost.me\/website_70c8b333\/product\/huile-de-ricin-raffinee\/#breadcrumb"},"inLanguage":"en-US","potentialAction":[{"@type":"ReadAction","target":["https:\/\/gxe.mhe.mybluehost.me\/website_70c8b333\/product\/huile-de-ricin-raffinee\/"]}]},{"@type":"ImageObject","inLanguage":"en-US","@id":"https:\/\/gxe.mhe.mybluehost.me\/website_70c8b333\/product\/huile-de-ricin-raffinee\/#primaryimage","url":"https:\/\/medarom.ma\/wp-content\/uploads\/2024\/01\/ricin1.webp","contentUrl":"https:\/\/medarom.ma\/wp-content\/uploads\/2024\/01\/ricin1.webp","width":1500,"height":1500},{"@type":"BreadcrumbList","@id":"https:\/\/gxe.mhe.mybluehost.me\/website_70c8b333\/product\/huile-de-ricin-raffinee\/#breadcrumb","itemListElement":[{"@type":"ListItem","position":1,"name":"Accueil","item":"https:\/\/gxe.mhe.mybluehost.me\/website_70c8b333\/"},{"@type":"ListItem","position":2,"name":"Produits","item":"https:\/\/gxe.mhe.mybluehost.me\/website_70c8b333\/produits\/"},{"@type":"ListItem","position":3,"name":"HUILE DE RICIN RAFFIN\u00c9E"}]},{"@type":"WebSite","@id":"https:\/\/gxe.mhe.mybluehost.me\/website_70c8b333\/#website","url":"https:\/\/gxe.mhe.mybluehost.me\/website_70c8b333\/","name":"Medarom","description":"Huiles Essentielles Et Plantes Aromatiques","publisher":{"@id":"https:\/\/gxe.mhe.mybluehost.me\/website_70c8b333\/#organization"},"potentialAction":[{"@type":"SearchAction","target":{"@type":"EntryPoint","urlTemplate":"https:\/\/gxe.mhe.mybluehost.me\/website_70c8b333\/?s={search_term_string}"},"query-input":{"@type":"PropertyValueSpecification","valueRequired":true,"valueName":"search_term_string"}}],"inLanguage":"en-US"},{"@type":"Organization","@id":"https:\/\/gxe.mhe.mybluehost.me\/website_70c8b333\/#organization","name":"Medarom","url":"https:\/\/gxe.mhe.mybluehost.me\/website_70c8b333\/","logo":{"@type":"ImageObject","inLanguage":"en-US","@id":"https:\/\/gxe.mhe.mybluehost.me\/website_70c8b333\/#\/schema\/logo\/image\/","url":"https:\/\/medarom.ma\/wp-content\/uploads\/2024\/01\/cropped-Medarom-logo.png","contentUrl":"https:\/\/medarom.ma\/wp-content\/uploads\/2024\/01\/cropped-Medarom-logo.png","width":743,"height":250,"caption":"Medarom"},"image":{"@id":"https:\/\/gxe.mhe.mybluehost.me\/website_70c8b333\/#\/schema\/logo\/image\/"},"sameAs":["https:\/\/www.facebook.com\/medarom.medarom"]}]}},"_links":{"self":[{"href":"https:\/\/medarom.ma\/en\/wp-json\/wp\/v2\/product\/1512","targetHints":{"allow":["GET"]}}],"collection":[{"href":"https:\/\/medarom.ma\/en\/wp-json\/wp\/v2\/product"}],"about":[{"href":"https:\/\/medarom.ma\/en\/wp-json\/wp\/v2\/types\/product"}],"version-history":[{"count":7,"href":"https:\/\/medarom.ma\/en\/wp-json\/wp\/v2\/product\/1512\/revisions"}],"predecessor-version":[{"id":2812,"href":"https:\/\/medarom.ma\/en\/wp-json\/wp\/v2\/product\/1512\/revisions\/2812"}],"wp:featuredmedia":[{"embeddable":true,"href":"https:\/\/medarom.ma\/en\/wp-json\/wp\/v2\/media\/2856"}],"wp:attachment":[{"href":"https:\/\/medarom.ma\/en\/wp-json\/wp\/v2\/media?parent=1512"}],"wp:term":[{"taxonomy":"product_brand","embeddable":true,"href":"https:\/\/medarom.ma\/en\/wp-json\/wp\/v2\/product_brand?post=1512"},{"taxonomy":"product_cat","embeddable":true,"href":"https:\/\/medarom.ma\/en\/wp-json\/wp\/v2\/product_cat?post=1512"},{"taxonomy":"product_tag","embeddable":true,"href":"https:\/\/medarom.ma\/en\/wp-json\/wp\/v2\/product_tag?post=1512"}],"curies":[{"name":"wp","href":"https:\/\/api.w.org\/{rel}","templated":true}]}}