{"id":1421,"date":"2024-01-17T11:58:22","date_gmt":"2024-01-17T11:58:22","guid":{"rendered":"https:\/\/gxe.mhe.mybluehost.me\/website_70c8b333\/?post_type=product&#038;p=1421"},"modified":"2024-02-08T17:39:47","modified_gmt":"2024-02-08T17:39:47","slug":"huile-essentielle-terebenthine","status":"publish","type":"product","link":"https:\/\/medarom.ma\/es\/product\/huile-essentielle-terebenthine\/","title":{"rendered":"ACEITE ESENCIAL DE TREMENTINA"},"content":{"rendered":"","protected":false},"excerpt":{"rendered":"<p class=\"container__title\" data-v-b5c83186=\"\"><strong>Nombre bot\u00e1nico:<\/strong><\/p>\n<p>Turpentine<\/p>\n<div class=\"identity-card__component\" data-v-461c50b7=\"\">\n<div data-v-41f9c88f=\"\" data-v-461c50b7=\"\">\n<div class=\"container block-images-text render-content node-paragraph\" data-v-b5c83186=\"\" data-v-6b9741fa=\"\" data-v-a3dacdfc=\"\" data-v-41f9c88f=\"\">\n<p class=\"container__title\" data-v-b5c83186=\"\"><strong>Proceso de obtenci\u00f3n:<\/strong><\/p>\n<div class=\"container__description\" data-v-b5c83186=\"\">\n<p>Destilaci\u00f3n completa mediante destilaci\u00f3n al vapor.<\/p>\n<\/div>\n<\/div>\n<\/div>\n<\/div>\n<div class=\"identity-card__component\" data-v-461c50b7=\"\">\n<div data-v-41f9c88f=\"\" data-v-461c50b7=\"\">\n<div class=\"container block-images-text render-content node-paragraph\" data-v-b5c83186=\"\" data-v-6b9741fa=\"\" data-v-a3dacdfc=\"\" data-v-41f9c88f=\"\">\n<p class=\"container__title\" data-v-b5c83186=\"\"><strong>Parte de la planta utilizada:<\/strong><\/p>\n<p class=\"container__title\" data-v-b5c83186=\"\">R\u00e9sine<\/p>\n<\/div>\n<\/div>\n<\/div>","protected":false},"featured_media":3015,"template":"","meta":[],"product_brand":[],"product_cat":[79],"product_tag":[],"class_list":{"0":"post-1421","1":"product","2":"type-product","3":"status-publish","4":"has-post-thumbnail","6":"product_cat-huiles-essentielles","8":"first","9":"instock","10":"shipping-taxable","11":"product-type-simple"},"yoast_head":"<!-- This site is optimized with the Yoast SEO plugin v26.3 - https:\/\/yoast.com\/wordpress\/plugins\/seo\/ -->\n<title>HUILE ESSENTIELLE TEREBENTHINE - Medarom<\/title>\n<meta name=\"robots\" content=\"index, follow, max-snippet:-1, max-image-preview:large, max-video-preview:-1\" \/>\n<link rel=\"canonical\" href=\"https:\/\/gxe.mhe.mybluehost.me\/website_70c8b333\/product\/huile-essentielle-terebenthine\/\" \/>\n<meta property=\"og:locale\" content=\"es_ES\" \/>\n<meta property=\"og:type\" content=\"article\" \/>\n<meta property=\"og:title\" content=\"HUILE ESSENTIELLE TEREBENTHINE - Medarom\" \/>\n<meta property=\"og:description\" content=\"Nom botanique : Turpentine    Proc\u00e9d\u00e9 d&#039;obtention :    Distillation compl\u00e8te par entra\u00eenement \u00e0 la vapeur d\u2019eau         Partie de la plante utilis\u00e9e : R\u00e9sine\" \/>\n<meta property=\"og:url\" content=\"https:\/\/gxe.mhe.mybluehost.me\/website_70c8b333\/product\/huile-essentielle-terebenthine\/\" \/>\n<meta property=\"og:site_name\" content=\"Medarom\" \/>\n<meta property=\"article:publisher\" content=\"https:\/\/www.facebook.com\/medarom.medarom\" \/>\n<meta property=\"article:modified_time\" content=\"2024-02-08T17:39:47+00:00\" \/>\n<meta property=\"og:image\" content=\"https:\/\/gxe.mhe.mybluehost.me\/website_70c8b333\/wp-content\/uploads\/2024\/01\/TEREBENTHINE.webp\" \/>\n\t<meta property=\"og:image:width\" content=\"1500\" \/>\n\t<meta property=\"og:image:height\" content=\"1500\" \/>\n\t<meta property=\"og:image:type\" content=\"image\/webp\" \/>\n<meta name=\"twitter:card\" content=\"summary_large_image\" \/>\n<script type=\"application\/ld+json\" class=\"yoast-schema-graph\">{\"@context\":\"https:\/\/schema.org\",\"@graph\":[{\"@type\":\"WebPage\",\"@id\":\"https:\/\/gxe.mhe.mybluehost.me\/website_70c8b333\/product\/huile-essentielle-terebenthine\/\",\"url\":\"https:\/\/gxe.mhe.mybluehost.me\/website_70c8b333\/product\/huile-essentielle-terebenthine\/\",\"name\":\"HUILE ESSENTIELLE TEREBENTHINE - Medarom\",\"isPartOf\":{\"@id\":\"https:\/\/gxe.mhe.mybluehost.me\/website_70c8b333\/#website\"},\"primaryImageOfPage\":{\"@id\":\"https:\/\/gxe.mhe.mybluehost.me\/website_70c8b333\/product\/huile-essentielle-terebenthine\/#primaryimage\"},\"image\":{\"@id\":\"https:\/\/gxe.mhe.mybluehost.me\/website_70c8b333\/product\/huile-essentielle-terebenthine\/#primaryimage\"},\"thumbnailUrl\":\"https:\/\/medarom.ma\/wp-content\/uploads\/2024\/01\/TEREBENTHINE.webp\",\"datePublished\":\"2024-01-17T11:58:22+00:00\",\"dateModified\":\"2024-02-08T17:39:47+00:00\",\"breadcrumb\":{\"@id\":\"https:\/\/gxe.mhe.mybluehost.me\/website_70c8b333\/product\/huile-essentielle-terebenthine\/#breadcrumb\"},\"inLanguage\":\"es\",\"potentialAction\":[{\"@type\":\"ReadAction\",\"target\":[\"https:\/\/gxe.mhe.mybluehost.me\/website_70c8b333\/product\/huile-essentielle-terebenthine\/\"]}]},{\"@type\":\"ImageObject\",\"inLanguage\":\"es\",\"@id\":\"https:\/\/gxe.mhe.mybluehost.me\/website_70c8b333\/product\/huile-essentielle-terebenthine\/#primaryimage\",\"url\":\"https:\/\/medarom.ma\/wp-content\/uploads\/2024\/01\/TEREBENTHINE.webp\",\"contentUrl\":\"https:\/\/medarom.ma\/wp-content\/uploads\/2024\/01\/TEREBENTHINE.webp\",\"width\":1500,\"height\":1500},{\"@type\":\"BreadcrumbList\",\"@id\":\"https:\/\/gxe.mhe.mybluehost.me\/website_70c8b333\/product\/huile-essentielle-terebenthine\/#breadcrumb\",\"itemListElement\":[{\"@type\":\"ListItem\",\"position\":1,\"name\":\"Accueil\",\"item\":\"https:\/\/gxe.mhe.mybluehost.me\/website_70c8b333\/\"},{\"@type\":\"ListItem\",\"position\":2,\"name\":\"Produits\",\"item\":\"https:\/\/gxe.mhe.mybluehost.me\/website_70c8b333\/produits\/\"},{\"@type\":\"ListItem\",\"position\":3,\"name\":\"HUILE ESSENTIELLE TEREBENTHINE\"}]},{\"@type\":\"WebSite\",\"@id\":\"https:\/\/gxe.mhe.mybluehost.me\/website_70c8b333\/#website\",\"url\":\"https:\/\/gxe.mhe.mybluehost.me\/website_70c8b333\/\",\"name\":\"Medarom\",\"description\":\"Huiles Essentielles Et Plantes Aromatiques\",\"publisher\":{\"@id\":\"https:\/\/gxe.mhe.mybluehost.me\/website_70c8b333\/#organization\"},\"potentialAction\":[{\"@type\":\"SearchAction\",\"target\":{\"@type\":\"EntryPoint\",\"urlTemplate\":\"https:\/\/gxe.mhe.mybluehost.me\/website_70c8b333\/?s={search_term_string}\"},\"query-input\":{\"@type\":\"PropertyValueSpecification\",\"valueRequired\":true,\"valueName\":\"search_term_string\"}}],\"inLanguage\":\"es\"},{\"@type\":\"Organization\",\"@id\":\"https:\/\/gxe.mhe.mybluehost.me\/website_70c8b333\/#organization\",\"name\":\"Medarom\",\"url\":\"https:\/\/gxe.mhe.mybluehost.me\/website_70c8b333\/\",\"logo\":{\"@type\":\"ImageObject\",\"inLanguage\":\"es\",\"@id\":\"https:\/\/gxe.mhe.mybluehost.me\/website_70c8b333\/#\/schema\/logo\/image\/\",\"url\":\"https:\/\/medarom.ma\/wp-content\/uploads\/2024\/01\/cropped-Medarom-logo.png\",\"contentUrl\":\"https:\/\/medarom.ma\/wp-content\/uploads\/2024\/01\/cropped-Medarom-logo.png\",\"width\":743,\"height\":250,\"caption\":\"Medarom\"},\"image\":{\"@id\":\"https:\/\/gxe.mhe.mybluehost.me\/website_70c8b333\/#\/schema\/logo\/image\/\"},\"sameAs\":[\"https:\/\/www.facebook.com\/medarom.medarom\"]}]}<\/script>\n<!-- \/ Yoast SEO plugin. -->","yoast_head_json":{"title":"HUILE ESSENTIELLE TEREBENTHINE - Medarom","robots":{"index":"index","follow":"follow","max-snippet":"max-snippet:-1","max-image-preview":"max-image-preview:large","max-video-preview":"max-video-preview:-1"},"canonical":"https:\/\/gxe.mhe.mybluehost.me\/website_70c8b333\/product\/huile-essentielle-terebenthine\/","og_locale":"es_ES","og_type":"article","og_title":"HUILE ESSENTIELLE TEREBENTHINE - Medarom","og_description":"Nom botanique : Turpentine    Proc\u00e9d\u00e9 d'obtention :    Distillation compl\u00e8te par entra\u00eenement \u00e0 la vapeur d\u2019eau         Partie de la plante utilis\u00e9e : R\u00e9sine","og_url":"https:\/\/gxe.mhe.mybluehost.me\/website_70c8b333\/product\/huile-essentielle-terebenthine\/","og_site_name":"Medarom","article_publisher":"https:\/\/www.facebook.com\/medarom.medarom","article_modified_time":"2024-02-08T17:39:47+00:00","og_image":[{"width":1500,"height":1500,"url":"https:\/\/gxe.mhe.mybluehost.me\/website_70c8b333\/wp-content\/uploads\/2024\/01\/TEREBENTHINE.webp","type":"image\/webp"}],"twitter_card":"summary_large_image","schema":{"@context":"https:\/\/schema.org","@graph":[{"@type":"WebPage","@id":"https:\/\/gxe.mhe.mybluehost.me\/website_70c8b333\/product\/huile-essentielle-terebenthine\/","url":"https:\/\/gxe.mhe.mybluehost.me\/website_70c8b333\/product\/huile-essentielle-terebenthine\/","name":"HUILE ESSENTIELLE TEREBENTHINE - Medarom","isPartOf":{"@id":"https:\/\/gxe.mhe.mybluehost.me\/website_70c8b333\/#website"},"primaryImageOfPage":{"@id":"https:\/\/gxe.mhe.mybluehost.me\/website_70c8b333\/product\/huile-essentielle-terebenthine\/#primaryimage"},"image":{"@id":"https:\/\/gxe.mhe.mybluehost.me\/website_70c8b333\/product\/huile-essentielle-terebenthine\/#primaryimage"},"thumbnailUrl":"https:\/\/medarom.ma\/wp-content\/uploads\/2024\/01\/TEREBENTHINE.webp","datePublished":"2024-01-17T11:58:22+00:00","dateModified":"2024-02-08T17:39:47+00:00","breadcrumb":{"@id":"https:\/\/gxe.mhe.mybluehost.me\/website_70c8b333\/product\/huile-essentielle-terebenthine\/#breadcrumb"},"inLanguage":"es","potentialAction":[{"@type":"ReadAction","target":["https:\/\/gxe.mhe.mybluehost.me\/website_70c8b333\/product\/huile-essentielle-terebenthine\/"]}]},{"@type":"ImageObject","inLanguage":"es","@id":"https:\/\/gxe.mhe.mybluehost.me\/website_70c8b333\/product\/huile-essentielle-terebenthine\/#primaryimage","url":"https:\/\/medarom.ma\/wp-content\/uploads\/2024\/01\/TEREBENTHINE.webp","contentUrl":"https:\/\/medarom.ma\/wp-content\/uploads\/2024\/01\/TEREBENTHINE.webp","width":1500,"height":1500},{"@type":"BreadcrumbList","@id":"https:\/\/gxe.mhe.mybluehost.me\/website_70c8b333\/product\/huile-essentielle-terebenthine\/#breadcrumb","itemListElement":[{"@type":"ListItem","position":1,"name":"Accueil","item":"https:\/\/gxe.mhe.mybluehost.me\/website_70c8b333\/"},{"@type":"ListItem","position":2,"name":"Produits","item":"https:\/\/gxe.mhe.mybluehost.me\/website_70c8b333\/produits\/"},{"@type":"ListItem","position":3,"name":"HUILE ESSENTIELLE TEREBENTHINE"}]},{"@type":"WebSite","@id":"https:\/\/gxe.mhe.mybluehost.me\/website_70c8b333\/#website","url":"https:\/\/gxe.mhe.mybluehost.me\/website_70c8b333\/","name":"Medarom","description":"Huiles Essentielles Et Plantes Aromatiques","publisher":{"@id":"https:\/\/gxe.mhe.mybluehost.me\/website_70c8b333\/#organization"},"potentialAction":[{"@type":"SearchAction","target":{"@type":"EntryPoint","urlTemplate":"https:\/\/gxe.mhe.mybluehost.me\/website_70c8b333\/?s={search_term_string}"},"query-input":{"@type":"PropertyValueSpecification","valueRequired":true,"valueName":"search_term_string"}}],"inLanguage":"es"},{"@type":"Organization","@id":"https:\/\/gxe.mhe.mybluehost.me\/website_70c8b333\/#organization","name":"Medarom","url":"https:\/\/gxe.mhe.mybluehost.me\/website_70c8b333\/","logo":{"@type":"ImageObject","inLanguage":"es","@id":"https:\/\/gxe.mhe.mybluehost.me\/website_70c8b333\/#\/schema\/logo\/image\/","url":"https:\/\/medarom.ma\/wp-content\/uploads\/2024\/01\/cropped-Medarom-logo.png","contentUrl":"https:\/\/medarom.ma\/wp-content\/uploads\/2024\/01\/cropped-Medarom-logo.png","width":743,"height":250,"caption":"Medarom"},"image":{"@id":"https:\/\/gxe.mhe.mybluehost.me\/website_70c8b333\/#\/schema\/logo\/image\/"},"sameAs":["https:\/\/www.facebook.com\/medarom.medarom"]}]}},"_links":{"self":[{"href":"https:\/\/medarom.ma\/es\/wp-json\/wp\/v2\/product\/1421","targetHints":{"allow":["GET"]}}],"collection":[{"href":"https:\/\/medarom.ma\/es\/wp-json\/wp\/v2\/product"}],"about":[{"href":"https:\/\/medarom.ma\/es\/wp-json\/wp\/v2\/types\/product"}],"version-history":[{"count":5,"href":"https:\/\/medarom.ma\/es\/wp-json\/wp\/v2\/product\/1421\/revisions"}],"predecessor-version":[{"id":3016,"href":"https:\/\/medarom.ma\/es\/wp-json\/wp\/v2\/product\/1421\/revisions\/3016"}],"wp:featuredmedia":[{"embeddable":true,"href":"https:\/\/medarom.ma\/es\/wp-json\/wp\/v2\/media\/3015"}],"wp:attachment":[{"href":"https:\/\/medarom.ma\/es\/wp-json\/wp\/v2\/media?parent=1421"}],"wp:term":[{"taxonomy":"product_brand","embeddable":true,"href":"https:\/\/medarom.ma\/es\/wp-json\/wp\/v2\/product_brand?post=1421"},{"taxonomy":"product_cat","embeddable":true,"href":"https:\/\/medarom.ma\/es\/wp-json\/wp\/v2\/product_cat?post=1421"},{"taxonomy":"product_tag","embeddable":true,"href":"https:\/\/medarom.ma\/es\/wp-json\/wp\/v2\/product_tag?post=1421"}],"curies":[{"name":"wp","href":"https:\/\/api.w.org\/{rel}","templated":true}]}}